{"id":73,"date":"2018-03-12T10:30:35","date_gmt":"2018-03-12T10:30:35","guid":{"rendered":"https:\/\/wood.al\/?page_id=73"},"modified":"2019-01-22T14:51:55","modified_gmt":"2019-01-22T14:51:55","slug":"rreth-nesh","status":"publish","type":"page","link":"https:\/\/wood.al\/index.php\/rreth-nesh\/","title":{"rendered":"RRETH NESH"},"content":{"rendered":"<div class=\"wpb-content-wrapper\"><p>[vc_row full_width=&#8221;stretch_row&#8221; css=&#8221;.vc_custom_1520851749832{margin-top: -20px !important;}&#8221;][vc_column width=&#8221;1\/2&#8243;][vc_column_text css=&#8221;.vc_custom_1520846863645{margin-bottom: 20px !important;}&#8221;]<\/p>\n<p style=\"text-align: justify;\"><span style=\"color: #3b3a39;\"><strong>CILET JEMI<\/strong><\/span><\/p>\n<p>[\/vc_column_text][vc_column_text css=&#8221;.vc_custom_1520846818927{margin-top: -15px !important;margin-bottom: 20px !important;}&#8221;]<\/p>\n<h2 style=\"text-align: justify;\"><span style=\"color: #68311c;\">VELLEZERIT <\/span> <span style=\"color: #cb8125;\">KOLA<\/span><\/h2>\n<p>[\/vc_column_text][vc_separator color=&#8221;custom&#8221; align=&#8221;align_left&#8221; border_width=&#8221;2&#8243; accent_color=&#8221;#e3a430&#8243; css=&#8221;.vc_custom_1520589524598{margin-top: -15px !important;}&#8221;][vc_column_text css=&#8221;.vc_custom_1520850756561{margin-top: -5px !important;}&#8221;]<\/p>\n<p style=\"text-align: justify;\">V\u00ebllez\u00ebrit Kola shpk operon n\u00eb tregun vendas q\u00eb nga viti 2003. Qellimi kryesor i firmes \u00ebsht\u00eb tregtimi i l\u00ebnd\u00ebve drusore t\u00eb importuara nga Mali i Zi, Bosnja, Austria, Sllovenia, Gjermania, etj. Tendenca e tyre \u00ebsht\u00eb t\u00eb jen\u00eb m\u00eb pran\u00eb konsumatorit duke ofruar gjith\u00e7ka q\u00eb p\u00ebrfshihet n\u00eb fush\u00ebn e nd\u00ebrtimit por gjithashtu p\u00ebr t\u00eb p\u00ebrmbushur dhe nevojat e klientit privat duke ofruar mallra t\u00eb nj\u00eb cil\u00ebsie t\u00eb lart\u00eb dhe t\u00eb certifikuar. Kompania merret me tregetimin e lendeve drusore si: binare, derrase, betoforma, derrase dekorative, binare dekorativ, etj . Eshte distributor i firmes HASSLACHER NORICA TIMBER.<\/p>\n<p>[\/vc_column_text][\/vc_column][vc_column width=&#8221;1\/2&#8243;][vc_single_image image=&#8221;349&#8243; img_size=&#8221;full&#8221; alignment=&#8221;center&#8221; style=&#8221;vc_box_outline&#8221; border_color=&#8221;chino&#8221; image_hovers=&#8221;false&#8221;][\/vc_column][\/vc_row][vc_row][vc_column][vc_empty_space][vc_row_inner][vc_column_inner width=&#8221;1\/4&#8243;]<div class=\"aio-icon-component    style_3\"><div id=\"Info-box-wrap-2932\" class=\"aio-icon-box left-icon\" style=\"\"  ><div class=\"aio-icon-left\"><div class=\"ult-just-icon-wrapper  \"><div class=\"align-icon\" style=\"text-align:center;\">\n<div class=\"aio-icon-img  uavc-square \" style=\"font-size:32px;background:rgba(227,162,42,0.23);display:inline-block;\" data-animation=\"fadeInLeft\" data-animation-delay=\"03\">\n\t<img decoding=\"async\" class=\"img-icon\" alt=\"null\" src=\"https:\/\/wood.al\/wp-content\/uploads\/2018\/03\/wood-board.png\"\/>\n<\/div><\/div><\/div><\/div><div class=\"aio-ibd-block\"><div class=\"aio-icon-header\" ><h3 class=\"aio-icon-title ult-responsive\"  data-ultimate-target='#Info-box-wrap-2932 .aio-icon-title'  data-responsive-json-new='{\"font-size\":\"desktop:17px;\",\"line-height\":\"\"}'  style=\"color:#565656;\">Eksperience<\/h3><\/div> <!-- header --><div class=\"aio-icon-description ult-responsive\"  data-ultimate-target='#Info-box-wrap-2932 .aio-icon-description'  data-responsive-json-new='{\"font-size\":\"desktop:14px;\",\"line-height\":\"\"}'  style=\"\">Prej vitit 2003 ne tregun vendas.<\/div> <!-- description --><\/div> <!-- aio-ibd-block --><\/div> <!-- aio-icon-box --><\/div> <!-- aio-icon-component -->[\/vc_column_inner][vc_column_inner width=&#8221;1\/4&#8243;]<div class=\"aio-icon-component    style_3\"><div id=\"Info-box-wrap-7978\" class=\"aio-icon-box left-icon\" style=\"\"  ><div class=\"aio-icon-left\"><div class=\"ult-just-icon-wrapper  \"><div class=\"align-icon\" style=\"text-align:center;\">\n<div class=\"aio-icon-img  uavc-square \" style=\"font-size:32px;background:rgba(227,162,42,0.23);display:inline-block;\" data-animation=\"fadeInLeft\" data-animation-delay=\"03\">\n\t<img decoding=\"async\" class=\"img-icon\" alt=\"null\" src=\"https:\/\/wood.al\/wp-content\/uploads\/2018\/03\/stopwatch-1.png\"\/>\n<\/div><\/div><\/div><\/div><div class=\"aio-ibd-block\"><div class=\"aio-icon-header\" ><h3 class=\"aio-icon-title ult-responsive\"  data-ultimate-target='#Info-box-wrap-7978 .aio-icon-title'  data-responsive-json-new='{\"font-size\":\"desktop:17px;\",\"line-height\":\"\"}'  style=\"color:#565656;\">Transport i shpejte<\/h3><\/div> <!-- header --><div class=\"aio-icon-description ult-responsive\"  data-ultimate-target='#Info-box-wrap-7978 .aio-icon-description'  data-responsive-json-new='{\"font-size\":\"desktop:14px;\",\"line-height\":\"\"}'  style=\"\">Perhere prane klienteve me transport te garantuar.<\/div> <!-- description --><\/div> <!-- aio-ibd-block --><\/div> <!-- aio-icon-box --><\/div> <!-- aio-icon-component -->[\/vc_column_inner][vc_column_inner width=&#8221;1\/4&#8243;]<div class=\"aio-icon-component    style_3\"><div id=\"Info-box-wrap-1794\" class=\"aio-icon-box left-icon\" style=\"\"  ><div class=\"aio-icon-left\"><div class=\"ult-just-icon-wrapper  \"><div class=\"align-icon\" style=\"text-align:center;\">\n<div class=\"aio-icon-img  uavc-square \" style=\"font-size:32px;background:rgba(227,162,42,0.23);display:inline-block;\" data-animation=\"fadeInLeft\" data-animation-delay=\"03\">\n\t<img decoding=\"async\" class=\"img-icon\" alt=\"null\" src=\"https:\/\/wood.al\/wp-content\/uploads\/2018\/03\/gear.png\"\/>\n<\/div><\/div><\/div><\/div><div class=\"aio-ibd-block\"><div class=\"aio-icon-header\" ><h3 class=\"aio-icon-title ult-responsive\"  data-ultimate-target='#Info-box-wrap-1794 .aio-icon-title'  data-responsive-json-new='{\"font-size\":\"desktop:17px;\",\"line-height\":\"\"}'  style=\"color:#565656;\">Cilesi maksimale<\/h3><\/div> <!-- header --><div class=\"aio-icon-description ult-responsive\"  data-ultimate-target='#Info-box-wrap-1794 .aio-icon-description'  data-responsive-json-new='{\"font-size\":\"desktop:14px;\",\"line-height\":\"\"}'  style=\"\">Mallra t\u00eb nj\u00eb cil\u00ebsie t\u00eb lart\u00eb dhe t\u00eb certifikuar.<\/div> <!-- description --><\/div> <!-- aio-ibd-block --><\/div> <!-- aio-icon-box --><\/div> <!-- aio-icon-component -->[\/vc_column_inner][vc_column_inner width=&#8221;1\/4&#8243;]<div class=\"aio-icon-component    style_3\"><div id=\"Info-box-wrap-8077\" class=\"aio-icon-box left-icon\" style=\"\"  ><div class=\"aio-icon-left\"><div class=\"ult-just-icon-wrapper  \"><div class=\"align-icon\" style=\"text-align:center;\">\n<div class=\"aio-icon-img  uavc-square \" style=\"font-size:32px;background:rgba(227,162,42,0.23);display:inline-block;\" data-animation=\"fadeInLeft\" data-animation-delay=\"03\">\n\t<img decoding=\"async\" class=\"img-icon\" alt=\"null\" src=\"https:\/\/wood.al\/wp-content\/uploads\/2018\/03\/circular-saw.png\"\/>\n<\/div><\/div><\/div><\/div><div class=\"aio-ibd-block\"><div class=\"aio-icon-header\" ><h3 class=\"aio-icon-title ult-responsive\"  data-ultimate-target='#Info-box-wrap-8077 .aio-icon-title'  data-responsive-json-new='{\"font-size\":\"desktop:17px;\",\"line-height\":\"\"}'  style=\"color:#565656;\">Shumellojshmeri<\/h3><\/div> <!-- header --><div class=\"aio-icon-description ult-responsive\"  data-ultimate-target='#Info-box-wrap-8077 .aio-icon-description'  data-responsive-json-new='{\"font-size\":\"desktop:14px;\",\"line-height\":\"\"}'  style=\"\">Lende drusore si: binare, derrase, betoforma etj.<\/div> <!-- description --><\/div> <!-- aio-ibd-block --><\/div> <!-- aio-icon-box --><\/div> <!-- aio-icon-component -->[\/vc_column_inner][\/vc_row_inner][vc_empty_space][\/vc_column][\/vc_row][vc_row][vc_column]<div id=\"ult-carousel-50228668269f0ad62e4888\" class=\"ult-carousel-wrapper   ult_horizontal\" data-gutter=\"15\" data-rtl=\"false\" ><div class=\"ult-carousel-82632025369f0ad62e47be \" >[vc_single_image image=&#8221;85&#8243; img_size=&#8221;full&#8221; alignment=&#8221;center&#8221; style=&#8221;vc_box_outline&#8221; border_color=&#8221;chino&#8221; image_hovers=&#8221;false&#8221;][vc_single_image image=&#8221;83&#8243; img_size=&#8221;full&#8221; alignment=&#8221;center&#8221; style=&#8221;vc_box_outline&#8221; border_color=&#8221;chino&#8221; image_hovers=&#8221;false&#8221;][vc_single_image image=&#8221;82&#8243; img_size=&#8221;full&#8221; alignment=&#8221;center&#8221; style=&#8221;vc_box_outline&#8221; border_color=&#8221;chino&#8221; image_hovers=&#8221;false&#8221;][vc_single_image image=&#8221;84&#8243; img_size=&#8221;full&#8221; alignment=&#8221;center&#8221; style=&#8221;vc_box_outline&#8221; border_color=&#8221;chino&#8221; image_hovers=&#8221;false&#8221;]<\/div><\/div>\t\t\t<script type=\"text\/javascript\">\n\t\t\t\tjQuery(document).ready(function ($) {\n\t\t\t\t\tif( typeof jQuery('.ult-carousel-82632025369f0ad62e47be').slick == \"function\"){\n\t\t\t\t\t\t$('.ult-carousel-82632025369f0ad62e47be').slick({dots: true,autoplay: true,autoplaySpeed: \"3000\",speed: \"3000\",infinite: true,arrows: true,nextArrow: '<button type=\"button\" role=\"button\" aria-label=\"Next\" style=\"color:#333333; font-size:20px;\" class=\"slick-next default\"><i class=\"ultsl-arrow-right4\"><\/i><\/button>',prevArrow: '<button type=\"button\" role=\"button\" aria-label=\"Previous\" style=\"color:#333333; font-size:20px;\" class=\"slick-prev default\"><i class=\"ultsl-arrow-left4\"><\/i><\/button>',slidesToScroll:3,slidesToShow:3,swipe: true,draggable: true,touchMove: true,pauseOnHover: true,pauseOnFocus: false,responsive: [\n\t\t\t\t\t\t\t{\n\t\t\t\t\t\t\t  breakpoint: 1026,\n\t\t\t\t\t\t\t  settings: {\n\t\t\t\t\t\t\t\tslidesToShow: 3,\n\t\t\t\t\t\t\t\tslidesToScroll: 3,  \n\t\t\t\t\t\t\t  }\n\t\t\t\t\t\t\t},\n\t\t\t\t\t\t\t{\n\t\t\t\t\t\t\t  breakpoint: 1025,\n\t\t\t\t\t\t\t  settings: {\n\t\t\t\t\t\t\t\tslidesToShow: 3,\n\t\t\t\t\t\t\t\tslidesToScroll: 3\n\t\t\t\t\t\t\t  }\n\t\t\t\t\t\t\t},\n\t\t\t\t\t\t\t{\n\t\t\t\t\t\t\t  breakpoint: 760,\n\t\t\t\t\t\t\t  settings: {\n\t\t\t\t\t\t\t\tslidesToShow: 1,\n\t\t\t\t\t\t\t\tslidesToScroll: 1\n\t\t\t\t\t\t\t  }\n\t\t\t\t\t\t\t}\n\t\t\t\t\t\t],pauseOnDotsHover: true,customPaging: function(slider, i) {\n                   return '<i type=\"button\" style= \"color:#794618;\" class=\"ultsl-radio-checked\" data-role=\"none\"><\/i>';\n                },});\n\t\t\t\t\t}\n\t\t\t\t});\n\t\t\t<\/script>\n\t\t\t[\/vc_column][\/vc_row]<\/p>\n<\/div>","protected":false},"excerpt":{"rendered":"<p>[vc_row full_width=&#8221;stretch_row&#8221; css=&#8221;.vc_custom_1520851749832{margin-top: -20px !important;}&#8221;][vc_column width=&#8221;1\/2&#8243;][vc_column_text css=&#8221;.vc_custom_1520846863645{margin-bottom: 20px !important;}&#8221;] CILET JEMI [\/vc_column_text][vc_column_text css=&#8221;.vc_custom_1520846818927{margin-top: -15px !important;margin-bottom: 20px !important;}&#8221;] VELLEZERIT KOLA [\/vc_column_text][vc_separator color=&#8221;custom&#8221; align=&#8221;align_left&#8221; border_width=&#8221;2&#8243; accent_color=&#8221;#e3a430&#8243; css=&#8221;.vc_custom_1520589524598{margin-top: -15px !important;}&#8221;][vc_column_text css=&#8221;.vc_custom_1520850756561{margin-top: -5px !important;}&#8221;] V\u00ebllez\u00ebrit Kola shpk operon n\u00eb tregun vendas q\u00eb nga viti 2003. Qellimi kryesor i firmes \u00ebsht\u00eb tregtimi i l\u00ebnd\u00ebve drusore t\u00eb importuara nga Mali i&hellip;<\/p>\n","protected":false},"author":2,"featured_media":0,"parent":0,"menu_order":0,"comment_status":"closed","ping_status":"closed","template":"","meta":{"footnotes":""},"class_list":["post-73","page","type-page","status-publish","hentry","description-off"],"_links":{"self":[{"href":"https:\/\/wood.al\/index.php\/wp-json\/wp\/v2\/pages\/73","targetHints":{"allow":["GET"]}}],"collection":[{"href":"https:\/\/wood.al\/index.php\/wp-json\/wp\/v2\/pages"}],"about":[{"href":"https:\/\/wood.al\/index.php\/wp-json\/wp\/v2\/types\/page"}],"author":[{"embeddable":true,"href":"https:\/\/wood.al\/index.php\/wp-json\/wp\/v2\/users\/2"}],"replies":[{"embeddable":true,"href":"https:\/\/wood.al\/index.php\/wp-json\/wp\/v2\/comments?post=73"}],"version-history":[{"count":5,"href":"https:\/\/wood.al\/index.php\/wp-json\/wp\/v2\/pages\/73\/revisions"}],"predecessor-version":[{"id":350,"href":"https:\/\/wood.al\/index.php\/wp-json\/wp\/v2\/pages\/73\/revisions\/350"}],"wp:attachment":[{"href":"https:\/\/wood.al\/index.php\/wp-json\/wp\/v2\/media?parent=73"}],"curies":[{"name":"wp","href":"https:\/\/api.w.org\/{rel}","templated":true}]}}